{"id":47,"date":"2024-09-25T21:05:13","date_gmt":"2024-09-25T21:05:13","guid":{"rendered":"https:\/\/akhua.appix.mx\/?page_id=47"},"modified":"2024-12-24T16:40:16","modified_gmt":"2024-12-24T16:40:16","slug":"acondicionado","status":"publish","type":"page","link":"https:\/\/akhua.com.mx\/en\/acondicionado\/","title":{"rendered":"Acondicionado"},"content":{"rendered":"<p>[et_pb_section fb_built=&#8221;1&#8243; specialty=&#8221;on&#8221; _builder_version=&#8221;4.27.4&#8243; _module_preset=&#8221;default&#8221; use_background_color_gradient=&#8221;on&#8221; background_color_gradient_direction=&#8221;90deg&#8221; background_color_gradient_stops=&#8221;gcid-f2d71713-d915-4ec5-956f-26f6902beb7d 56%|rgba(255,255,255,0) 56%&#8221; background_color_gradient_overlays_image=&#8221;on&#8221; background_image=&#8221;https:\/\/akhua.com.mx\/wp-content\/uploads\/2024\/10\/DSC9396-2.png&#8221; background_size=&#8221;initial&#8221; background_position=&#8221;center_right&#8221; background_horizontal_offset=&#8221;-3%&#8221; background_last_edited=&#8221;on|phone&#8221; use_background_color_gradient_phone=&#8221;on&#8221; background_color_gradient_stops_phone=&#8221;rgba(22, 116, 159, 0.84) 0%|gcid-a68f80e8-78bd-4ff6-a1ba-94a667382ebd 100%|rgba(255,255,255,0) 100%&#8221; global_colors_info=&#8221;{%22gcid-a68f80e8-78bd-4ff6-a1ba-94a667382ebd%22:%91%22background_color_gradient_stops%22%93,%22gcid-a2886d62-5c69-4ab9-9f63-278a6018abd1%22:%91%22background_color_gradient_stops%22%93,%22gcid-f2d71713-d915-4ec5-956f-26f6902beb7d%22:%91%22background_color_gradient_stops%22%93}&#8221;][et_pb_column type=&#8221;1_2&#8243; _builder_version=&#8221;4.16&#8243; custom_padding=&#8221;|||&#8221; global_colors_info=&#8221;{}&#8221; custom_padding__hover=&#8221;|||&#8221;][et_pb_text _builder_version=&#8221;4.27.2&#8243; _module_preset=&#8221;default&#8221; header_font=&#8221;Montserrat|700|||||||&#8221; header_text_color=&#8221;#FFFFFF&#8221; header_font_size=&#8221;40px&#8221; header_line_height=&#8221;1.4em&#8221; width=&#8221;100%&#8221; custom_margin=&#8221;33px||12px|3px|false|false&#8221; custom_padding=&#8221;|3px||||&#8221; header_text_align_tablet=&#8221;&#8221; header_text_align_phone=&#8221;center&#8221; header_text_align_last_edited=&#8221;on|phone&#8221; header_font_size_tablet=&#8221;40px&#8221; header_font_size_phone=&#8221;28px&#8221; header_font_size_last_edited=&#8221;on|phone&#8221; global_colors_info=&#8221;{}&#8221;]<\/p>\n<h1>Preservation of product integrity and quality.<\/h1>\n<p>[\/et_pb_text][et_pb_text _builder_version=&#8221;4.27.2&#8243; _module_preset=&#8221;default&#8221; text_font=&#8221;Montserrat||||||||&#8221; text_text_color=&#8221;#FFFFFF&#8221; text_font_size=&#8221;20px&#8221; text_orientation=&#8221;justified&#8221; width=&#8221;100%&#8221; custom_margin=&#8221;11px|||2px|false|false&#8221; global_colors_info=&#8221;{}&#8221;]<\/p>\n<p>This includes ensuring that the product is protected from contamination, physical damage, and any other factors that could compromise its condition until it reaches the final consumer. To achieve this, rigorous hygiene practices, appropriate packaging materials, and handling techniques are used to maintain the product's original properties, such as its freshness, flavor, and texture. Furthermore, packaging must consider efficiency and sustainability to minimize waste and comply with environmental regulations.<\/p>\n<p>[\/et_pb_text][\/et_pb_column][et_pb_column type=&#8221;1_2&#8243; specialty_columns=&#8221;2&#8243; _builder_version=&#8221;4.16&#8243; custom_padding=&#8221;|||&#8221; global_colors_info=&#8221;{}&#8221; custom_padding__hover=&#8221;|||&#8221;][\/et_pb_column][\/et_pb_section][et_pb_section fb_built=&#8221;1&#8243; _builder_version=&#8221;4.27.2&#8243; _module_preset=&#8221;default&#8221; global_colors_info=&#8221;{}&#8221;][et_pb_row column_structure=&#8221;1_2,1_2&#8243; use_custom_gutter=&#8221;on&#8221; gutter_width=&#8221;1&#8243; _builder_version=&#8221;4.27.2&#8243; _module_preset=&#8221;default&#8221; width=&#8221;100%&#8221; width_tablet=&#8221;100%&#8221; width_phone=&#8221;90%&#8221; width_last_edited=&#8221;on|phone&#8221; max_width=&#8221;1301px&#8221; global_colors_info=&#8221;{}&#8221;][et_pb_column type=&#8221;1_2&#8243; _builder_version=&#8221;4.27.2&#8243; _module_preset=&#8221;default&#8221; global_colors_info=&#8221;{}&#8221;][et_pb_blurb title=&#8221;Armado de Display&#8221; image=&#8221;https:\/\/akhua.com.mx\/wp-content\/uploads\/2024\/12\/dulces-lucas.webp&#8221; image_icon_width=&#8221;90%&#8221; _builder_version=&#8221;4.27.4&#8243; _module_preset=&#8221;default&#8221; header_font=&#8221;Montserrat|700|||||||&#8221; header_text_align=&#8221;center&#8221; header_text_color=&#8221;gcid-a2886d62-5c69-4ab9-9f63-278a6018abd1&#8243; header_font_size=&#8221;24px&#8221; body_font=&#8221;Montserrat||||||||&#8221; body_text_align=&#8221;center&#8221; body_font_size=&#8221;18px&#8221; custom_margin=&#8221;||16px|||&#8221; custom_padding=&#8221;|1px||0px||&#8221; hover_enabled=&#8221;0&#8243; border_radii_image=&#8221;on|30px|30px|30px|30px&#8221; global_colors_info=&#8221;{%22gcid-a2886d62-5c69-4ab9-9f63-278a6018abd1%22:%91%22header_text_color%22%93}&#8221; title_text=&#8221;dulces lucas&#8221; sticky_enabled=&#8221;0&#8243;]<\/p>\n<p><span>We implement display assembly solutions that meet international quality and monitoring standards.<\/span><\/p>\n<p>&nbsp;<\/p>\n<p>[\/et_pb_blurb][\/et_pb_column][et_pb_column type=&#8221;1_2&#8243; _builder_version=&#8221;4.27.2&#8243; _module_preset=&#8221;default&#8221; global_colors_info=&#8221;{}&#8221;][et_pb_blurb title=&#8221;Armado en MIX&#8221; image=&#8221;https:\/\/akhua.com.mx\/wp-content\/uploads\/2024\/12\/2pack.webp&#8221; image_icon_width=&#8221;62%&#8221; _builder_version=&#8221;4.27.4&#8243; _module_preset=&#8221;default&#8221; header_font=&#8221;Montserrat|700|||||||&#8221; header_text_align=&#8221;center&#8221; header_text_color=&#8221;gcid-a2886d62-5c69-4ab9-9f63-278a6018abd1&#8243; header_font_size=&#8221;24px&#8221; body_font=&#8221;Montserrat||||||||&#8221; body_text_align=&#8221;center&#8221; body_font_size=&#8221;18px&#8221; image_icon_custom_padding=&#8221;||20px||false|false&#8221; custom_margin=&#8221;||20px||false|false&#8221; custom_padding=&#8221;||0px||false|false&#8221; hover_enabled=&#8221;0&#8243; border_radii_image=&#8221;on|30px|30px|30px|30px&#8221; global_colors_info=&#8221;{%22gcid-a2886d62-5c69-4ab9-9f63-278a6018abd1%22:%91%22header_text_color%22%93}&#8221; title_text=&#8221;2pack&#8221; sticky_enabled=&#8221;0&#8243;]<\/p>\n<p><span>Reducimos las mermas, incrementamos la productividad y entregamos valor a nuestros clientes.<\/span><\/p>\n<p>&nbsp;<\/p>\n<p>&nbsp;<\/p>\n<p>[\/et_pb_blurb][\/et_pb_column][\/et_pb_row][\/et_pb_section][et_pb_section fb_built=&#8221;1&#8243; _builder_version=&#8221;4.27.4&#8243; _module_preset=&#8221;default&#8221; use_background_color_gradient=&#8221;on&#8221; background_color_gradient_stops=&#8221;gcid-f2d71713-d915-4ec5-956f-26f6902beb7d 0%|rgba(22,116,159,0.82) 100%&#8221; background_color_gradient_overlays_image=&#8221;on&#8221; background_image=&#8221;https:\/\/akhua.com.mx\/wp-content\/uploads\/2024\/10\/DSC8774.jpg&#8221; background_position=&#8221;top_center&#8221; background_vertical_offset=&#8221;22%&#8221; custom_padding=&#8221;90px||102px|||&#8221; global_colors_info=&#8221;{%22gcid-a68f80e8-78bd-4ff6-a1ba-94a667382ebd%22:%91%22background_color_gradient_stops%22%93,%22gcid-f2d71713-d915-4ec5-956f-26f6902beb7d%22:%91%22background_color_gradient_stops%22%93}&#8221;][et_pb_row _builder_version=&#8221;4.27.2&#8243; _module_preset=&#8221;default&#8221; custom_padding=&#8221;||41px|||&#8221; global_colors_info=&#8221;{}&#8221;][et_pb_column type=&#8221;4_4&#8243; _builder_version=&#8221;4.27.2&#8243; _module_preset=&#8221;default&#8221; global_colors_info=&#8221;{}&#8221;][et_pb_text _builder_version=&#8221;4.27.2&#8243; _module_preset=&#8221;default&#8221; header_font=&#8221;Montserrat|700|||||||&#8221; header_text_align=&#8221;center&#8221; header_text_color=&#8221;#FFFFFF&#8221; header_font_size=&#8221;40px&#8221; custom_margin=&#8221;||4px|||&#8221; custom_padding=&#8221;||9px|||&#8221; header_font_size_tablet=&#8221;40px&#8221; header_font_size_phone=&#8221;30px&#8221; header_font_size_last_edited=&#8221;on|phone&#8221; global_colors_info=&#8221;{}&#8221;]<\/p>\n<h1>DO YOU HAVE QUESTIONS ABOUT YOUR PROJECT?<\/h1>\n<p>[\/et_pb_text][et_pb_text _builder_version=&#8221;4.27.2&#8243; _module_preset=&#8221;default&#8221; text_font=&#8221;Montserrat||||||||&#8221; text_text_color=&#8221;#FFFFFF&#8221; text_font_size=&#8221;28px&#8221; text_orientation=&#8221;center&#8221; text_font_size_tablet=&#8221;28px&#8221; text_font_size_phone=&#8221;24px&#8221; text_font_size_last_edited=&#8221;on|phone&#8221; global_colors_info=&#8221;{}&#8221;]<\/p>\n<p><span style=\"font-weight: 400;\">Get in touch with us<\/span><\/p>\n<p>[\/et_pb_text][et_pb_button button_text=&#8221;Cont\u00e1ctanos&#8221; button_alignment=&#8221;center&#8221; _builder_version=&#8221;4.27.4&#8243; _module_preset=&#8221;default&#8221; custom_button=&#8221;on&#8221; button_text_color=&#8221;gcid-a68f80e8-78bd-4ff6-a1ba-94a667382ebd&#8221; button_bg_color=&#8221;#FFFFFF&#8221; button_border_width=&#8221;0px&#8221; button_border_radius=&#8221;18px&#8221; button_font=&#8221;Montserrat|700|||||||&#8221; global_colors_info=&#8221;{%22gcid-a68f80e8-78bd-4ff6-a1ba-94a667382ebd%22:%91%22button_text_color%22%93}&#8221;][\/et_pb_button][\/et_pb_column][\/et_pb_row][\/et_pb_section]<\/p>","protected":false},"excerpt":{"rendered":"<p>Preservaci\u00f3n de la integridad y calidad del producto.Esto incluye asegurar que el producto est\u00e9 protegido de la contaminaci\u00f3n, da\u00f1os f\u00edsicos y cualquier otro factor que pueda comprometer su estado hasta que llegue al consumidor final. Para lograrlo, se utilizan pr\u00e1cticas de higiene rigurosas, materiales de embalaje adecuados y t\u00e9cnicas de manipulaci\u00f3n que mantienen las propiedades [&hellip;]<\/p>","protected":false},"author":1,"featured_media":0,"parent":0,"menu_order":0,"comment_status":"closed","ping_status":"closed","template":"","meta":{"_et_pb_use_builder":"on","_et_pb_old_content":"","_et_gb_content_width":"","footnotes":""},"dipi_cpt_category":[],"class_list":["post-47","page","type-page","status-publish","hentry"],"_links":{"self":[{"href":"https:\/\/akhua.com.mx\/en\/wp-json\/wp\/v2\/pages\/47","targetHints":{"allow":["GET"]}}],"collection":[{"href":"https:\/\/akhua.com.mx\/en\/wp-json\/wp\/v2\/pages"}],"about":[{"href":"https:\/\/akhua.com.mx\/en\/wp-json\/wp\/v2\/types\/page"}],"author":[{"embeddable":true,"href":"https:\/\/akhua.com.mx\/en\/wp-json\/wp\/v2\/users\/1"}],"replies":[{"embeddable":true,"href":"https:\/\/akhua.com.mx\/en\/wp-json\/wp\/v2\/comments?post=47"}],"version-history":[{"count":9,"href":"https:\/\/akhua.com.mx\/en\/wp-json\/wp\/v2\/pages\/47\/revisions"}],"predecessor-version":[{"id":336,"href":"https:\/\/akhua.com.mx\/en\/wp-json\/wp\/v2\/pages\/47\/revisions\/336"}],"wp:attachment":[{"href":"https:\/\/akhua.com.mx\/en\/wp-json\/wp\/v2\/media?parent=47"}],"wp:term":[{"taxonomy":"dipi_cpt_category","embeddable":true,"href":"https:\/\/akhua.com.mx\/en\/wp-json\/wp\/v2\/dipi_cpt_category?post=47"}],"curies":[{"name":"wp","href":"https:\/\/api.w.org\/{rel}","templated":true}]}}