{"id":44,"date":"2024-09-25T21:04:55","date_gmt":"2024-09-25T21:04:55","guid":{"rendered":"https:\/\/akhua.appix.mx\/?page_id=44"},"modified":"2024-12-09T17:04:28","modified_gmt":"2024-12-09T17:04:28","slug":"envasado","status":"publish","type":"page","link":"https:\/\/akhua.com.mx\/en\/envasado\/","title":{"rendered":"Packing"},"content":{"rendered":"<p>[et_pb_section fb_built=&#8221;1&#8243; specialty=&#8221;on&#8221; _builder_version=&#8221;4.27.4&#8243; _module_preset=&#8221;default&#8221; use_background_color_gradient=&#8221;on&#8221; background_color_gradient_direction=&#8221;90deg&#8221; background_color_gradient_stops=&#8221;rgba(22,116,159,0) 50%|gcid-f2d71713-d915-4ec5-956f-26f6902beb7d 50%&#8221; background_color_gradient_overlays_image=&#8221;on&#8221; background_image=&#8221;https:\/\/akhua.com.mx\/wp-content\/uploads\/2024\/10\/DSC9476.jpg&#8221; background_size=&#8221;initial&#8221; background_position=&#8221;center_left&#8221; background_horizontal_offset=&#8221;-2%&#8221; custom_padding=&#8221;156px||84px|||&#8221; background_last_edited=&#8221;on|phone&#8221; use_background_color_gradient_phone=&#8221;on&#8221; background_color_gradient_stops_phone=&#8221;rgba(22, 116, 159, 0.84) 0%|gcid-a68f80e8-78bd-4ff6-a1ba-94a667382ebd 100%|rgba(22,116,159,0) 100%&#8221; global_colors_info=&#8221;{%22gcid-a68f80e8-78bd-4ff6-a1ba-94a667382ebd%22:%91%22background_color_2%22,%22background_color_gradient_stops%22%93,%22gcid-f2d71713-d915-4ec5-956f-26f6902beb7d%22:%91%22background_color_gradient_stops%22%93}&#8221;][et_pb_column type=&#8221;1_2&#8243; specialty_columns=&#8221;2&#8243; _builder_version=&#8221;4.16&#8243; custom_padding=&#8221;|||&#8221; global_colors_info=&#8221;{}&#8221; custom_padding__hover=&#8221;|||&#8221;][\/et_pb_column][et_pb_column type=&#8221;1_2&#8243; _builder_version=&#8221;4.16&#8243; custom_padding=&#8221;|||&#8221; global_colors_info=&#8221;{}&#8221; custom_padding__hover=&#8221;|||&#8221;][et_pb_text _builder_version=&#8221;4.27.2&#8243; _module_preset=&#8221;default&#8221; header_font=&#8221;Montserrat|700|||||||&#8221; header_text_color=&#8221;#FFFFFF&#8221; header_font_size=&#8221;40px&#8221; custom_margin=&#8221;-31px||12px|39px|false|false&#8221; global_colors_info=&#8221;{}&#8221;]<\/p>\n<h1>Packing<\/h1>\n<p>[\/et_pb_text][et_pb_text _builder_version=&#8221;4.27.2&#8243; _module_preset=&#8221;default&#8221; text_font=&#8221;Montserrat||||||||&#8221; text_text_color=&#8221;#FFFFFF&#8221; text_font_size=&#8221;20px&#8221; text_orientation=&#8221;justified&#8221; width=&#8221;89.3%&#8221; custom_margin=&#8221;11px|||39px|false|false&#8221; custom_padding=&#8221;||0px|||&#8221; global_colors_info=&#8221;{}&#8221;]<\/p>\n<p class=\"translation-block\"><span class=\"OYPEnA text-decoration-none text-strikethrough-none\">Packaging machines are<span>\u00a0<\/span><strong>large-caliber industrial equipment<\/strong><span>\u00a0<\/span>that perform several functions within the process:<span>\u00a0<\/span><\/span><span class=\"OYPEnA text-decoration-none text-strikethrough-none\">pouring or placing the food to be preserved inside the container, in exact quantities and with high precision to prevent loss.<\/span><\/p>\n<p>[\/et_pb_text][\/et_pb_column][\/et_pb_section][et_pb_section fb_built=&#8221;1&#8243; _builder_version=&#8221;4.27.2&#8243; _module_preset=&#8221;default&#8221; global_colors_info=&#8221;{}&#8221;][et_pb_row _builder_version=&#8221;4.27.2&#8243; _module_preset=&#8221;default&#8221; custom_padding=&#8221;35px||41px|||&#8221; global_colors_info=&#8221;{}&#8221;][et_pb_column type=&#8221;4_4&#8243; _builder_version=&#8221;4.27.2&#8243; _module_preset=&#8221;default&#8221; global_colors_info=&#8221;{}&#8221;][et_pb_text _builder_version=&#8221;4.27.2&#8243; _module_preset=&#8221;default&#8221; header_font=&#8221;Montserrat|700|||||||&#8221; header_text_align=&#8221;center&#8221; header_text_color=&#8221;gcid-a2886d62-5c69-4ab9-9f63-278a6018abd1&#8243; header_font_size=&#8221;40px&#8221; custom_margin=&#8221;10px||12px|39px|false|false&#8221; custom_margin_tablet=&#8221;10px||12px|39px|false|false&#8221; custom_margin_phone=&#8221;10px||12px|0px|false|false&#8221; custom_margin_last_edited=&#8221;on|phone&#8221; custom_padding=&#8221;||4px|||&#8221; global_colors_info=&#8221;{%22gcid-a2886d62-5c69-4ab9-9f63-278a6018abd1%22:%91%22header_text_color%22%93}&#8221;]<\/p>\n<h1>Packing<\/h1>\n<p>[\/et_pb_text][et_pb_text _builder_version=&#8221;4.27.2&#8243; _module_preset=&#8221;default&#8221; text_font=&#8221;Montserrat||||||||&#8221; text_text_color=&#8221;#000000&#8243; text_font_size=&#8221;20px&#8221; text_orientation=&#8221;center&#8221; global_colors_info=&#8221;{}&#8221;]<\/p>\n<p>We have a versatile line of packaging equipment.<\/p>\n<p>[\/et_pb_text][\/et_pb_column][\/et_pb_row][et_pb_row column_structure=&#8221;1_4,1_4,1_4,1_4&#8243; use_custom_gutter=&#8221;on&#8221; gutter_width=&#8221;2&#8243; _builder_version=&#8221;4.27.2&#8243; _module_preset=&#8221;default&#8221; width=&#8221;100%&#8221; width_tablet=&#8221;100%&#8221; width_phone=&#8221;92%&#8221; width_last_edited=&#8221;on|phone&#8221; max_width=&#8221;1227px&#8221; global_colors_info=&#8221;{}&#8221;][et_pb_column type=&#8221;1_4&#8243; _builder_version=&#8221;4.27.2&#8243; _module_preset=&#8221;default&#8221; global_colors_info=&#8221;{}&#8221;][et_pb_image src=&#8221;https:\/\/akhua.com.mx\/wp-content\/uploads\/2024\/10\/env1.png&#8221; title_text=&#8221;env1&#8243; _builder_version=&#8221;4.27.2&#8243; _module_preset=&#8221;default&#8221; border_radii=&#8221;on|12px|12px|12px|12px&#8221; global_colors_info=&#8221;{}&#8221;][\/et_pb_image][\/et_pb_column][et_pb_column type=&#8221;1_4&#8243; _builder_version=&#8221;4.27.2&#8243; _module_preset=&#8221;default&#8221; global_colors_info=&#8221;{}&#8221;][et_pb_image src=&#8221;https:\/\/akhua.com.mx\/wp-content\/uploads\/2024\/10\/env2.png&#8221; title_text=&#8221;env2&#8243; _builder_version=&#8221;4.27.2&#8243; _module_preset=&#8221;default&#8221; border_radii=&#8221;on|12px|12px|12px|12px&#8221; global_colors_info=&#8221;{}&#8221;][\/et_pb_image][\/et_pb_column][et_pb_column type=&#8221;1_4&#8243; _builder_version=&#8221;4.27.2&#8243; _module_preset=&#8221;default&#8221; global_colors_info=&#8221;{}&#8221;][et_pb_image src=&#8221;https:\/\/akhua.com.mx\/wp-content\/uploads\/2024\/10\/env3.png&#8221; title_text=&#8221;env3&#8243; _builder_version=&#8221;4.27.2&#8243; _module_preset=&#8221;default&#8221; border_radii=&#8221;on|12px|12px|12px|12px&#8221; global_colors_info=&#8221;{}&#8221;][\/et_pb_image][\/et_pb_column][et_pb_column type=&#8221;1_4&#8243; _builder_version=&#8221;4.27.2&#8243; _module_preset=&#8221;default&#8221; global_colors_info=&#8221;{}&#8221;][et_pb_image src=&#8221;https:\/\/akhua.com.mx\/wp-content\/uploads\/2024\/10\/env4.png&#8221; title_text=&#8221;env4&#8243; _builder_version=&#8221;4.27.2&#8243; _module_preset=&#8221;default&#8221; border_radii=&#8221;on|12px|12px|12px|12px&#8221; global_colors_info=&#8221;{}&#8221;][\/et_pb_image][\/et_pb_column][\/et_pb_row][\/et_pb_section][et_pb_section fb_built=&#8221;1&#8243; custom_padding_last_edited=&#8221;on|phone&#8221; _builder_version=&#8221;4.27.2&#8243; _module_preset=&#8221;default&#8221; custom_margin_tablet=&#8221;&#8221; custom_margin_phone=&#8221;0px||||false|false&#8221; custom_margin_last_edited=&#8221;on|phone&#8221; custom_padding=&#8221;||28px|||&#8221; custom_padding_tablet=&#8221;&#8221; custom_padding_phone=&#8221;0px||0px||false|false&#8221; global_colors_info=&#8221;{}&#8221;][et_pb_row _builder_version=&#8221;4.27.2&#8243; _module_preset=&#8221;default&#8221; custom_padding=&#8221;35px||41px|||&#8221; global_colors_info=&#8221;{}&#8221;][et_pb_column type=&#8221;4_4&#8243; _builder_version=&#8221;4.27.2&#8243; _module_preset=&#8221;default&#8221; global_colors_info=&#8221;{}&#8221;][et_pb_text _builder_version=&#8221;4.27.2&#8243; _module_preset=&#8221;default&#8221; header_font=&#8221;Montserrat|700|||||||&#8221; header_text_align=&#8221;center&#8221; header_text_color=&#8221;gcid-a2886d62-5c69-4ab9-9f63-278a6018abd1&#8243; header_font_size=&#8221;40px&#8221; custom_margin=&#8221;10px||12px|39px|false|false&#8221; custom_margin_tablet=&#8221;10px||12px|39px|false|false&#8221; custom_margin_phone=&#8221;10px||12px|0px|false|false&#8221; custom_margin_last_edited=&#8221;on|phone&#8221; custom_padding=&#8221;||4px|||&#8221; header_font_size_tablet=&#8221;40px&#8221; header_font_size_phone=&#8221;35px&#8221; header_font_size_last_edited=&#8221;on|phone&#8221; global_colors_info=&#8221;{%22gcid-a2886d62-5c69-4ab9-9f63-278a6018abd1%22:%91%22header_text_color%22%93}&#8221;]<\/p>\n<h1>We package different presentations<\/h1>\n<p>[\/et_pb_text][et_pb_text _builder_version=&#8221;4.27.2&#8243; _module_preset=&#8221;default&#8221; text_font=&#8221;Montserrat||||||||&#8221; text_text_color=&#8221;#000000&#8243; text_font_size=&#8221;20px&#8221; text_orientation=&#8221;justified&#8221; global_colors_info=&#8221;{}&#8221;]<\/p>\n<p>We have a variety of specialized equipment, including Bossar, vertical machines, Sticks, multi-track machines, and Ropak, which allow us to offer a wide range of presentations, such as sticks, sachets, pillow bags, and pre-formed bags, adapting to the specific needs of each client and market.<\/p>\n<p>Precise gravimetric or volumetric dosing of various particle sizes and densities is one of our specialties. This, along with consistent quality results, is one of our main advantages over our competitors in the market.<\/p>\n<p>[\/et_pb_text][\/et_pb_column][\/et_pb_row][et_pb_row _builder_version=&#8221;4.27.4&#8243; _module_preset=&#8221;default&#8221; width=&#8221;100%&#8221; max_width=&#8221;1294px&#8221; global_colors_info=&#8221;{}&#8221;][et_pb_column type=&#8221;4_4&#8243; _builder_version=&#8221;4.27.4&#8243; _module_preset=&#8221;default&#8221; global_colors_info=&#8221;{}&#8221;][et_pb_image src=&#8221;https:\/\/akhua.com.mx\/wp-content\/uploads\/2024\/11\/Envases-scaled.jpg&#8221; title_text=&#8221;Envases&#8221; disabled_on=&#8221;on|on|off&#8221; _builder_version=&#8221;4.27.4&#8243; _module_preset=&#8221;default&#8221; border_radii=&#8221;on|16px|16px|16px|16px&#8221; global_colors_info=&#8221;{}&#8221;][\/et_pb_image][et_pb_image src=&#8221;https:\/\/akhua.com.mx\/wp-content\/uploads\/2024\/11\/envase-movil-scaled.jpg&#8221; title_text=&#8221;envase movil&#8221; align=&#8221;center&#8221; disabled_on=&#8221;off|off|on&#8221; _builder_version=&#8221;4.27.4&#8243; _module_preset=&#8221;default&#8221; border_radii=&#8221;on|18px|18px|18px|18px&#8221; global_colors_info=&#8221;{}&#8221;][\/et_pb_image][\/et_pb_column][\/et_pb_row][\/et_pb_section][et_pb_section fb_built=&#8221;1&#8243; _builder_version=&#8221;4.27.2&#8243; _module_preset=&#8221;default&#8221; global_colors_info=&#8221;{}&#8221;][et_pb_row column_structure=&#8221;1_3,1_3,1_3&#8243; _builder_version=&#8221;4.27.2&#8243; _module_preset=&#8221;default&#8221; width=&#8221;100%&#8221; width_tablet=&#8221;100%&#8221; width_phone=&#8221;91%&#8221; width_last_edited=&#8221;on|phone&#8221; max_width=&#8221;1301px&#8221; global_colors_info=&#8221;{}&#8221;][et_pb_column type=&#8221;1_3&#8243; _builder_version=&#8221;4.27.2&#8243; _module_preset=&#8221;default&#8221; global_colors_info=&#8221;{}&#8221;][et_pb_blurb title=&#8221;Conformidad Regulatoria&#8221; image=&#8221;https:\/\/akhua.com.mx\/wp-content\/uploads\/2024\/10\/DSC9095-2.png&#8221; image_icon_width=&#8221;90%&#8221; _builder_version=&#8221;4.27.2&#8243; _module_preset=&#8221;default&#8221; header_font=&#8221;Montserrat|700|||||||&#8221; header_text_align=&#8221;center&#8221; header_text_color=&#8221;gcid-a68f80e8-78bd-4ff6-a1ba-94a667382ebd&#8221; header_font_size=&#8221;24px&#8221; body_font=&#8221;Montserrat||||||||&#8221; body_text_align=&#8221;center&#8221; body_font_size=&#8221;18px&#8221; custom_margin=&#8221;||16px|||&#8221; custom_padding=&#8221;|6px||||&#8221; border_radii_image=&#8221;on|30px|30px|30px|30px&#8221; global_colors_info=&#8221;{%22gcid-a68f80e8-78bd-4ff6-a1ba-94a667382ebd%22:%91%22header_text_color%22%93}&#8221;]<\/p>\n<p><span>We ensure compliance with control and traceability standards, which are essential in today's food industry.<\/span><\/p>\n<p>[\/et_pb_blurb][\/et_pb_column][et_pb_column type=&#8221;1_3&#8243; _builder_version=&#8221;4.27.2&#8243; _module_preset=&#8221;default&#8221; global_colors_info=&#8221;{}&#8221;][et_pb_blurb title=&#8221;Tecnolog\u00eda Adaptable&#8221; image=&#8221;https:\/\/akhua.com.mx\/wp-content\/uploads\/2024\/10\/DSC9200-2.png&#8221; image_icon_width=&#8221;90%&#8221; _builder_version=&#8221;4.27.2&#8243; _module_preset=&#8221;default&#8221; header_font=&#8221;Montserrat|700|||||||&#8221; header_text_align=&#8221;center&#8221; header_text_color=&#8221;gcid-a68f80e8-78bd-4ff6-a1ba-94a667382ebd&#8221; header_font_size=&#8221;24px&#8221; body_font=&#8221;Montserrat||||||||&#8221; body_text_align=&#8221;center&#8221; body_font_size=&#8221;18px&#8221; custom_margin=&#8221;||16px|||&#8221; border_radii_image=&#8221;on|30px|30px|30px|30px&#8221; global_colors_info=&#8221;{%22gcid-a68f80e8-78bd-4ff6-a1ba-94a667382ebd%22:%91%22header_text_color%22%93}&#8221;]<\/p>\n<p><span>We tailor our technology to your needs, creating reliable and cost-effective comprehensive solutions for each client.<\/span><\/p>\n<p>&nbsp;<\/p>\n<p>[\/et_pb_blurb][\/et_pb_column][et_pb_column type=&#8221;1_3&#8243; _builder_version=&#8221;4.27.2&#8243; _module_preset=&#8221;default&#8221; global_colors_info=&#8221;{}&#8221;][et_pb_blurb title=&#8221;Optimizaci\u00f3n de Procesos&#8221; image=&#8221;https:\/\/akhua.com.mx\/wp-content\/uploads\/2024\/10\/DSC9396-2.png&#8221; image_icon_width=&#8221;92%&#8221; _builder_version=&#8221;4.27.2&#8243; _module_preset=&#8221;default&#8221; header_font=&#8221;Montserrat|700|||||||&#8221; header_text_align=&#8221;center&#8221; header_text_color=&#8221;gcid-a68f80e8-78bd-4ff6-a1ba-94a667382ebd&#8221; header_font_size=&#8221;24px&#8221; body_font=&#8221;Montserrat||||||||&#8221; body_text_align=&#8221;center&#8221; body_font_size=&#8221;18px&#8221; custom_margin=&#8221;||16px|||&#8221; custom_padding=&#8221;|6px||0px||&#8221; border_radii_image=&#8221;on|30px|30px|30px|30px&#8221; global_colors_info=&#8221;{%22gcid-a68f80e8-78bd-4ff6-a1ba-94a667382ebd%22:%91%22header_text_color%22%93}&#8221;]<\/p>\n<p><span>Our optimized process reduces material waste, improves yield, and saves production costs.<\/span><\/p>\n<p>&nbsp;<\/p>\n<p>[\/et_pb_blurb][\/et_pb_column][\/et_pb_row][\/et_pb_section][et_pb_section fb_built=&#8221;1&#8243; specialty=&#8221;on&#8221; _builder_version=&#8221;4.27.4&#8243; _module_preset=&#8221;default&#8221; use_background_color_gradient=&#8221;on&#8221; background_color_gradient_direction=&#8221;90deg&#8221; background_color_gradient_stops=&#8221;gcid-f2d71713-d915-4ec5-956f-26f6902beb7d 62%|rgba(255,255,255,0) 62%&#8221; background_color_gradient_overlays_image=&#8221;on&#8221; background_image=&#8221;https:\/\/akhua.com.mx\/wp-content\/uploads\/2024\/10\/DSC9282.jpg&#8221; background_size=&#8221;initial&#8221; background_position=&#8221;center_right&#8221; background_horizontal_offset=&#8221;-3%&#8221; background_last_edited=&#8221;on|phone&#8221; use_background_color_gradient_phone=&#8221;on&#8221; background_color_gradient_stops_phone=&#8221;rgba(22, 116, 159, 0.84) 0%|gcid-a68f80e8-78bd-4ff6-a1ba-94a667382ebd 100%|rgba(255,255,255,0) 100%&#8221; global_colors_info=&#8221;{%22gcid-a68f80e8-78bd-4ff6-a1ba-94a667382ebd%22:%91%22background_color_gradient_stops%22%93,%22gcid-f2d71713-d915-4ec5-956f-26f6902beb7d%22:%91%22background_color_gradient_stops%22%93}&#8221;][et_pb_column type=&#8221;1_2&#8243; _builder_version=&#8221;4.16&#8243; custom_padding=&#8221;|||&#8221; global_colors_info=&#8221;{}&#8221; custom_padding__hover=&#8221;|||&#8221;][et_pb_text _builder_version=&#8221;4.27.2&#8243; _module_preset=&#8221;default&#8221; header_font=&#8221;Montserrat|700|||||||&#8221; header_text_color=&#8221;#FFFFFF&#8221; header_font_size=&#8221;40px&#8221; header_line_height=&#8221;1.4em&#8221; width=&#8221;100%&#8221; custom_margin=&#8221;33px||12px|3px|false|false&#8221; custom_padding=&#8221;|40px||||&#8221; global_colors_info=&#8221;{}&#8221;]<\/p>\n<h1>Quality control<\/h1>\n<p>[\/et_pb_text][et_pb_text _builder_version=&#8221;4.27.2&#8243; _module_preset=&#8221;default&#8221; text_font=&#8221;Montserrat||||||||&#8221; text_text_color=&#8221;#FFFFFF&#8221; text_font_size=&#8221;20px&#8221; text_orientation=&#8221;justified&#8221; width=&#8221;100%&#8221; custom_margin=&#8221;11px|||2px|false|false&#8221; global_colors_info=&#8221;{}&#8221;]<\/p>\n<p><span>Packaging machines are industrial equipment that perform several functions within the process: pouring or placing the food to be preserved into the container, in exact quantities and with high precision to prevent loss.<\/span><\/p>\n<p>[\/et_pb_text][\/et_pb_column][et_pb_column type=&#8221;1_2&#8243; specialty_columns=&#8221;2&#8243; _builder_version=&#8221;4.16&#8243; custom_padding=&#8221;|||&#8221; global_colors_info=&#8221;{}&#8221; custom_padding__hover=&#8221;|||&#8221;][\/et_pb_column][\/et_pb_section][et_pb_section fb_built=&#8221;1&#8243; _builder_version=&#8221;4.27.4&#8243; _module_preset=&#8221;default&#8221; use_background_color_gradient=&#8221;on&#8221; background_color_gradient_stops=&#8221;rgba(19,73,96,0.9) 0%|rgba(22,116,159,0.82) 100%&#8221; background_color_gradient_overlays_image=&#8221;on&#8221; background_image=&#8221;https:\/\/akhua.com.mx\/wp-content\/uploads\/2024\/10\/DSC8774.jpg&#8221; background_position=&#8221;top_center&#8221; background_vertical_offset=&#8221;22%&#8221; custom_padding=&#8221;90px||102px|||&#8221; global_colors_info=&#8221;{%22gcid-a68f80e8-78bd-4ff6-a1ba-94a667382ebd%22:%91%22background_color_gradient_stops%22%93,%22gcid-f2d71713-d915-4ec5-956f-26f6902beb7d%22:%91%22background_color_gradient_stops%22%93}&#8221;][et_pb_row _builder_version=&#8221;4.27.2&#8243; _module_preset=&#8221;default&#8221; custom_padding=&#8221;||41px|||&#8221; global_colors_info=&#8221;{}&#8221;][et_pb_column type=&#8221;4_4&#8243; _builder_version=&#8221;4.27.2&#8243; _module_preset=&#8221;default&#8221; global_colors_info=&#8221;{}&#8221;][et_pb_text _builder_version=&#8221;4.27.2&#8243; _module_preset=&#8221;default&#8221; header_font=&#8221;Montserrat|700|||||||&#8221; header_text_align=&#8221;center&#8221; header_text_color=&#8221;#FFFFFF&#8221; header_font_size=&#8221;40px&#8221; custom_margin=&#8221;||4px|||&#8221; custom_padding=&#8221;||9px|||&#8221; header_font_size_tablet=&#8221;40px&#8221; header_font_size_phone=&#8221;30px&#8221; header_font_size_last_edited=&#8221;on|phone&#8221; global_colors_info=&#8221;{}&#8221;]<\/p>\n<h1>DO YOU HAVE QUESTIONS ABOUT YOUR PROJECT?<\/h1>\n<p>[\/et_pb_text][et_pb_text _builder_version=&#8221;4.27.2&#8243; _module_preset=&#8221;default&#8221; text_font=&#8221;Montserrat||||||||&#8221; text_text_color=&#8221;#FFFFFF&#8221; text_font_size=&#8221;28px&#8221; text_orientation=&#8221;center&#8221; text_font_size_tablet=&#8221;28px&#8221; text_font_size_phone=&#8221;24px&#8221; text_font_size_last_edited=&#8221;on|phone&#8221; global_colors_info=&#8221;{}&#8221;]<\/p>\n<p><span style=\"font-weight: 400;\">Get in touch with us<\/span><\/p>\n<p>[\/et_pb_text][et_pb_button button_text=&#8221;Cont\u00e1ctanos&#8221; button_alignment=&#8221;center&#8221; _builder_version=&#8221;4.27.4&#8243; _module_preset=&#8221;default&#8221; custom_button=&#8221;on&#8221; button_text_color=&#8221;gcid-a68f80e8-78bd-4ff6-a1ba-94a667382ebd&#8221; button_bg_color=&#8221;#FFFFFF&#8221; button_border_width=&#8221;0px&#8221; button_border_radius=&#8221;18px&#8221; button_font=&#8221;Montserrat|700|||||||&#8221; hover_enabled=&#8221;0&#8243; global_colors_info=&#8221;{%22gcid-a68f80e8-78bd-4ff6-a1ba-94a667382ebd%22:%91%22button_text_color%22%93}&#8221; sticky_enabled=&#8221;0&#8243;][\/et_pb_button][\/et_pb_column][\/et_pb_row][\/et_pb_section]<\/p>","protected":false},"excerpt":{"rendered":"<p>EnvasadoLas m\u00e1quinas envasadoras son\u00a0equipos industriales de gran calibre\u00a0que cumplen dentro del proceso, varias funciones:\u00a0verter o colocar el alimento que se quiere conservar dentro del envase, en cantidades exactas y con alta precisi\u00f3n para prevenir la merma.EnvasadoContamos con una vers\u00e1til l\u00ednea de equipos envasadores.Envasamos diferentes presentacionesContamos con una variedad de equipos especializados, incluyendo Bossar, m\u00e1quinas verticales, [&hellip;]<\/p>","protected":false},"author":1,"featured_media":0,"parent":0,"menu_order":0,"comment_status":"closed","ping_status":"closed","template":"","meta":{"_et_pb_use_builder":"on","_et_pb_old_content":"","_et_gb_content_width":"","footnotes":""},"dipi_cpt_category":[],"class_list":["post-44","page","type-page","status-publish","hentry"],"_links":{"self":[{"href":"https:\/\/akhua.com.mx\/en\/wp-json\/wp\/v2\/pages\/44","targetHints":{"allow":["GET"]}}],"collection":[{"href":"https:\/\/akhua.com.mx\/en\/wp-json\/wp\/v2\/pages"}],"about":[{"href":"https:\/\/akhua.com.mx\/en\/wp-json\/wp\/v2\/types\/page"}],"author":[{"embeddable":true,"href":"https:\/\/akhua.com.mx\/en\/wp-json\/wp\/v2\/users\/1"}],"replies":[{"embeddable":true,"href":"https:\/\/akhua.com.mx\/en\/wp-json\/wp\/v2\/comments?post=44"}],"version-history":[{"count":13,"href":"https:\/\/akhua.com.mx\/en\/wp-json\/wp\/v2\/pages\/44\/revisions"}],"predecessor-version":[{"id":306,"href":"https:\/\/akhua.com.mx\/en\/wp-json\/wp\/v2\/pages\/44\/revisions\/306"}],"wp:attachment":[{"href":"https:\/\/akhua.com.mx\/en\/wp-json\/wp\/v2\/media?parent=44"}],"wp:term":[{"taxonomy":"dipi_cpt_category","embeddable":true,"href":"https:\/\/akhua.com.mx\/en\/wp-json\/wp\/v2\/dipi_cpt_category?post=44"}],"curies":[{"name":"wp","href":"https:\/\/api.w.org\/{rel}","templated":true}]}}