{"id":34,"date":"2024-09-25T21:00:56","date_gmt":"2024-09-25T21:00:56","guid":{"rendered":"https:\/\/akhua.appix.mx\/?page_id=34"},"modified":"2024-12-24T16:42:33","modified_gmt":"2024-12-24T16:42:33","slug":"nosotros","status":"publish","type":"page","link":"https:\/\/akhua.com.mx\/en\/nosotros\/","title":{"rendered":"About Us"},"content":{"rendered":"<p>[et_pb_section fb_built=&#8221;1&#8243; _builder_version=&#8221;4.27.2&#8243; _module_preset=&#8221;default&#8221; use_background_color_gradient=&#8221;on&#8221; background_color_gradient_stops=&#8221;rgba(19,73,96,0.83) 0%|rgba(19,73,96,0.87) 99%&#8221; background_color_gradient_overlays_image=&#8221;on&#8221; background_image=&#8221;https:\/\/akhua.com.mx\/wp-content\/uploads\/2024\/10\/DSC9199.jpg&#8221; global_colors_info=&#8221;{%22gcid-f2d71713-d915-4ec5-956f-26f6902beb7d%22:%91%22background_color_gradient_stops%22%93}&#8221;][et_pb_row column_structure=&#8221;1_2,1_2&#8243; _builder_version=&#8221;4.27.2&#8243; _module_preset=&#8221;default&#8221; width=&#8221;100%&#8221; width_tablet=&#8221;100%&#8221; width_phone=&#8221;88%&#8221; width_last_edited=&#8221;on|phone&#8221; max_width=&#8221;1287px&#8221; global_colors_info=&#8221;{}&#8221;][et_pb_column type=&#8221;1_2&#8243; _builder_version=&#8221;4.27.2&#8243; _module_preset=&#8221;default&#8221; global_colors_info=&#8221;{}&#8221;][et_pb_text _builder_version=&#8221;4.27.4&#8243; _module_preset=&#8221;default&#8221; header_font=&#8221;Montserrat|700|||||||&#8221; header_text_color=&#8221;#FFFFFF&#8221; header_font_size=&#8221;40px&#8221; custom_margin=&#8221;79px|||||&#8221; hover_enabled=&#8221;0&#8243; global_colors_info=&#8221;{}&#8221; custom_padding=&#8221;|0px||||&#8221; header_line_height=&#8221;1.3em&#8221; header_text_align=&#8221;center&#8221; sticky_enabled=&#8221;0&#8243;]<\/p>\n<h1>Akh\u00faa Distribution Center<\/h1>\n<p>[\/et_pb_text][\/et_pb_column][et_pb_column type=&#8221;1_2&#8243; _builder_version=&#8221;4.27.2&#8243; _module_preset=&#8221;default&#8221; global_colors_info=&#8221;{}&#8221;][et_pb_video src=&#8221;https:\/\/www.youtube.com\/watch?v=aV4VbKMw6sQ&#038;t=4s&#8221; _builder_version=&#8221;4.27.2&#8243; _module_preset=&#8221;default&#8221; border_radii=&#8221;on|14px|14px|14px|14px&#8221; global_colors_info=&#8221;{}&#8221;][\/et_pb_video][\/et_pb_column][\/et_pb_row][\/et_pb_section][et_pb_section fb_built=&#8221;1&#8243; _builder_version=&#8221;4.27.2&#8243; _module_preset=&#8221;default&#8221; custom_padding=&#8221;||21px|||&#8221; global_colors_info=&#8221;{}&#8221;][et_pb_row column_structure=&#8221;1_2,1_2&#8243; _builder_version=&#8221;4.27.2&#8243; _module_preset=&#8221;default&#8221; global_colors_info=&#8221;{}&#8221;][et_pb_column type=&#8221;1_2&#8243; _builder_version=&#8221;4.27.2&#8243; _module_preset=&#8221;default&#8221; global_colors_info=&#8221;{}&#8221;][et_pb_image src=&#8221;https:\/\/akhua.com.mx\/wp-content\/uploads\/2024\/12\/Planta.png&#8221; title_text=&#8221;Planta&#8221; _builder_version=&#8221;4.27.4&#8243; _module_preset=&#8221;default&#8221; border_radii=&#8221;on|12px|12px|12px|12px&#8221; global_colors_info=&#8221;{}&#8221;][\/et_pb_image][\/et_pb_column][et_pb_column type=&#8221;1_2&#8243; _builder_version=&#8221;4.27.2&#8243; _module_preset=&#8221;default&#8221; global_colors_info=&#8221;{}&#8221;][et_pb_text _builder_version=&#8221;4.27.2&#8243; _module_preset=&#8221;default&#8221; header_font=&#8221;Montserrat|700|||||||&#8221; header_text_color=&#8221;gcid-a68f80e8-78bd-4ff6-a1ba-94a667382ebd&#8221; header_font_size=&#8221;40px&#8221; custom_margin=&#8221;185px|||||&#8221; global_colors_info=&#8221;{%22gcid-a68f80e8-78bd-4ff6-a1ba-94a667382ebd%22:%91%22header_text_color%22%93}&#8221;]<\/p>\n<h1>Our facilities<\/h1>\n<p>[\/et_pb_text][et_pb_text _builder_version=&#8221;4.27.4&#8243; _module_preset=&#8221;default&#8221; text_font=&#8221;Montserrat||||||||&#8221; text_text_color=&#8221;gcid-f2d71713-d915-4ec5-956f-26f6902beb7d&#8221; text_font_size=&#8221;18px&#8221; global_colors_info=&#8221;{%22gcid-f2d71713-d915-4ec5-956f-26f6902beb7d%22:%91%22text_text_color%22%93}&#8221;]<\/p>\n<p>Our facilities offer a spacious and functional space, designed to foster collaboration, well-being, and productivity. Every corner, from shared areas to workstations, has been designed to facilitate daily tasks in a comfortable and efficient environment.<\/p>\n<p>[\/et_pb_text][\/et_pb_column][\/et_pb_row][et_pb_row custom_padding_last_edited=&#8221;on|phone&#8221; _builder_version=&#8221;4.27.2&#8243; _module_preset=&#8221;default&#8221; custom_margin_tablet=&#8221;&#8221; custom_margin_phone=&#8221;||0px||false|false&#8221; custom_margin_last_edited=&#8221;on|phone&#8221; custom_padding_tablet=&#8221;&#8221; custom_padding_phone=&#8221;||0px||false|false&#8221; global_colors_info=&#8221;{}&#8221;][et_pb_column type=&#8221;4_4&#8243; _builder_version=&#8221;4.27.2&#8243; _module_preset=&#8221;default&#8221; global_colors_info=&#8221;{}&#8221;][et_pb_gallery gallery_ids=&#8221;138,139,141,323&#8243; show_title_and_caption=&#8221;off&#8221; _builder_version=&#8221;4.27.4&#8243; _module_preset=&#8221;default&#8221; border_radii=&#8221;on|12px|12px|12px|12px&#8221; global_colors_info=&#8221;{}&#8221;][\/et_pb_gallery][\/et_pb_column][\/et_pb_row][\/et_pb_section][et_pb_section fb_built=&#8221;1&#8243; custom_padding_last_edited=&#8221;on|phone&#8221; _builder_version=&#8221;4.27.2&#8243; _module_preset=&#8221;default&#8221; custom_margin_tablet=&#8221;&#8221; custom_margin_phone=&#8221;1px||||false|false&#8221; custom_margin_last_edited=&#8221;on|phone&#8221; custom_padding=&#8221;16px||27px|||&#8221; custom_padding_tablet=&#8221;&#8221; custom_padding_phone=&#8221;1px||||false|false&#8221; global_colors_info=&#8221;{}&#8221;][et_pb_row column_structure=&#8221;1_2,1_2&#8243; custom_padding_last_edited=&#8221;on|phone&#8221; _builder_version=&#8221;4.27.2&#8243; _module_preset=&#8221;default&#8221; custom_margin_tablet=&#8221;&#8221; custom_margin_phone=&#8221;1px||||false|false&#8221; custom_margin_last_edited=&#8221;on|phone&#8221; custom_padding_tablet=&#8221;&#8221; custom_padding_phone=&#8221;1px||||false|false&#8221; global_colors_info=&#8221;{}&#8221;][et_pb_column type=&#8221;1_2&#8243; _builder_version=&#8221;4.27.2&#8243; _module_preset=&#8221;default&#8221; global_colors_info=&#8221;{}&#8221;][et_pb_text _builder_version=&#8221;4.27.2&#8243; _module_preset=&#8221;default&#8221; header_font=&#8221;Montserrat|700|||||||&#8221; header_text_color=&#8221;gcid-a68f80e8-78bd-4ff6-a1ba-94a667382ebd&#8221; header_font_size=&#8221;40px&#8221; custom_margin=&#8221;162px|||||&#8221; custom_margin_tablet=&#8221;66px|||||&#8221; custom_margin_phone=&#8221;3px||||false|false&#8221; custom_margin_last_edited=&#8221;on|phone&#8221; global_colors_info=&#8221;{%22gcid-a68f80e8-78bd-4ff6-a1ba-94a667382ebd%22:%91%22header_text_color%22%93}&#8221;]<\/p>\n<h1>Store<\/h1>\n<p>[\/et_pb_text][et_pb_text _builder_version=&#8221;4.27.4&#8243; _module_preset=&#8221;default&#8221; text_font=&#8221;Montserrat||||||||&#8221; text_text_color=&#8221;gcid-f2d71713-d915-4ec5-956f-26f6902beb7d&#8221; text_font_size=&#8221;18px&#8221; global_colors_info=&#8221;{%22gcid-f2d71713-d915-4ec5-956f-26f6902beb7d%22:%91%22text_text_color%22%93}&#8221;]<\/p>\n<p class=\"translation-block\">We have a large warehouse with more than 1,800 positions distributed among dry, cold, and frozen products. We specialize in strict production control, which allows us to guarantee the quality and safety of all the products we handle.<\/p>\n<p>[\/et_pb_text][\/et_pb_column][et_pb_column type=&#8221;1_2&#8243; _builder_version=&#8221;4.27.2&#8243; _module_preset=&#8221;default&#8221; global_colors_info=&#8221;{}&#8221;][et_pb_image src=&#8221;https:\/\/akhua.com.mx\/wp-content\/uploads\/2024\/11\/Foto-almacen.jpg&#8221; title_text=&#8221;Foto almacen&#8221; _builder_version=&#8221;4.27.4&#8243; _module_preset=&#8221;default&#8221; border_radii=&#8221;on|12px|12px|12px|12px&#8221; global_colors_info=&#8221;{}&#8221;][\/et_pb_image][\/et_pb_column][\/et_pb_row][\/et_pb_section][et_pb_section fb_built=&#8221;1&#8243; specialty=&#8221;on&#8221; custom_padding_last_edited=&#8221;on|phone&#8221; _builder_version=&#8221;4.27.2&#8243; _module_preset=&#8221;default&#8221; custom_margin_tablet=&#8221;&#8221; custom_margin_phone=&#8221;-77px||||false|false&#8221; custom_margin_last_edited=&#8221;on|phone&#8221; custom_padding=&#8221;9px||31px|||&#8221; custom_padding_tablet=&#8221;||31px|||&#8221; custom_padding_phone=&#8221;0px||31px||false|false&#8221; global_colors_info=&#8221;{}&#8221;][et_pb_column type=&#8221;1_2&#8243; _builder_version=&#8221;4.16&#8243; custom_padding=&#8221;|||&#8221; global_colors_info=&#8221;{}&#8221; custom_padding__hover=&#8221;|||&#8221;][et_pb_text _builder_version=&#8221;4.27.2&#8243; _module_preset=&#8221;default&#8221; header_font=&#8221;Montserrat|700|||||||&#8221; header_text_color=&#8221;gcid-a68f80e8-78bd-4ff6-a1ba-94a667382ebd&#8221; header_font_size=&#8221;40px&#8221; custom_margin=&#8221;59px|||||&#8221; global_colors_info=&#8221;{%22gcid-a68f80e8-78bd-4ff6-a1ba-94a667382ebd%22:%91%22header_text_color%22%93}&#8221;]<\/p>\n<h1>Production Plant<\/h1>\n<p>[\/et_pb_text][et_pb_text _builder_version=&#8221;4.27.4&#8243; _module_preset=&#8221;default&#8221; text_font=&#8221;Montserrat||||||||&#8221; text_text_color=&#8221;gcid-f2d71713-d915-4ec5-956f-26f6902beb7d&#8221; text_font_size=&#8221;18px&#8221; global_colors_info=&#8221;{%22gcid-f2d71713-d915-4ec5-956f-26f6902beb7d%22:%91%22text_text_color%22%93}&#8221;]<\/p>\n<p>A production facility of over 5,000 m\u00b2, strategically designed with production lines based on product type and packaging method. This allows us to optimize manufacturing efficiency and meet quality standards.<\/p>\n<p>Our plant ensures streamlined production processes and rigorous quality control, providing our customers with consistent, high-quality products.<\/p>\n<p>&nbsp;<\/p>\n<p>[\/et_pb_text][\/et_pb_column][et_pb_column type=&#8221;1_2&#8243; specialty_columns=&#8221;2&#8243; _builder_version=&#8221;4.16&#8243; custom_padding=&#8221;|||&#8221; global_colors_info=&#8221;{}&#8221; custom_padding__hover=&#8221;|||&#8221;][et_pb_row_inner column_structure=&#8221;1_2,1_2&#8243; _builder_version=&#8221;4.27.2&#8243; _module_preset=&#8221;default&#8221; custom_margin=&#8221;36px|||||&#8221; custom_padding=&#8221;||16px|||&#8221; global_colors_info=&#8221;{}&#8221;][et_pb_column_inner type=&#8221;1_2&#8243; saved_specialty_column_type=&#8221;1_2&#8243; _builder_version=&#8221;4.27.2&#8243; _module_preset=&#8221;default&#8221; global_colors_info=&#8221;{}&#8221;][et_pb_image src=&#8221;https:\/\/akhua.com.mx\/wp-content\/uploads\/2024\/10\/DSC9476.jpg&#8221; title_text=&#8221;_DSC9476&#8243; _builder_version=&#8221;4.27.2&#8243; _module_preset=&#8221;default&#8221; border_radii=&#8221;on|12px|12px|12px|12px&#8221; global_colors_info=&#8221;{}&#8221;][\/et_pb_image][\/et_pb_column_inner][et_pb_column_inner type=&#8221;1_2&#8243; saved_specialty_column_type=&#8221;1_2&#8243; _builder_version=&#8221;4.27.2&#8243; _module_preset=&#8221;default&#8221; global_colors_info=&#8221;{}&#8221;][et_pb_image src=&#8221;https:\/\/akhua.com.mx\/wp-content\/uploads\/2024\/10\/DSC9307.jpg&#8221; title_text=&#8221;_DSC9307&#8243; _builder_version=&#8221;4.27.2&#8243; _module_preset=&#8221;default&#8221; border_radii=&#8221;on|12px|12px|12px|12px&#8221; global_colors_info=&#8221;{}&#8221;][\/et_pb_image][\/et_pb_column_inner][\/et_pb_row_inner][et_pb_row_inner column_structure=&#8221;1_2,1_2&#8243; _builder_version=&#8221;4.27.2&#8243; _module_preset=&#8221;default&#8221; custom_padding=&#8221;17px|||||&#8221; global_colors_info=&#8221;{}&#8221;][et_pb_column_inner type=&#8221;1_2&#8243; saved_specialty_column_type=&#8221;1_2&#8243; _builder_version=&#8221;4.27.2&#8243; _module_preset=&#8221;default&#8221; global_colors_info=&#8221;{}&#8221;][et_pb_image src=&#8221;https:\/\/akhua.com.mx\/wp-content\/uploads\/2024\/10\/DSC9214.jpg&#8221; title_text=&#8221;_DSC9214&#8243; _builder_version=&#8221;4.27.4&#8243; _module_preset=&#8221;default&#8221; border_radii=&#8221;on|12px|12px|12px|12px&#8221; global_colors_info=&#8221;{}&#8221;][\/et_pb_image][\/et_pb_column_inner][et_pb_column_inner type=&#8221;1_2&#8243; saved_specialty_column_type=&#8221;1_2&#8243; _builder_version=&#8221;4.27.2&#8243; _module_preset=&#8221;default&#8221; global_colors_info=&#8221;{}&#8221;][et_pb_image src=&#8221;https:\/\/akhua.com.mx\/wp-content\/uploads\/2024\/10\/DSC9199-1.jpg&#8221; title_text=&#8221;_DSC9199&#8243; _builder_version=&#8221;4.27.2&#8243; _module_preset=&#8221;default&#8221; border_radii=&#8221;on|12px|12px|12px|12px&#8221; global_colors_info=&#8221;{}&#8221;][\/et_pb_image][\/et_pb_column_inner][\/et_pb_row_inner][\/et_pb_column][\/et_pb_section][et_pb_section fb_built=&#8221;1&#8243; _builder_version=&#8221;4.27.2&#8243; _module_preset=&#8221;default&#8221; custom_padding=&#8221;23px|||||&#8221; global_colors_info=&#8221;{}&#8221;][et_pb_row column_structure=&#8221;3_5,2_5&#8243; _builder_version=&#8221;4.27.2&#8243; _module_preset=&#8221;default&#8221; global_colors_info=&#8221;{}&#8221;][et_pb_column type=&#8221;3_5&#8243; _builder_version=&#8221;4.27.2&#8243; _module_preset=&#8221;default&#8221; global_colors_info=&#8221;{}&#8221;][et_pb_text _builder_version=&#8221;4.27.2&#8243; _module_preset=&#8221;default&#8221; header_font=&#8221;Montserrat|700|||||||&#8221; header_text_color=&#8221;gcid-a68f80e8-78bd-4ff6-a1ba-94a667382ebd&#8221; header_font_size=&#8221;40px&#8221; custom_margin=&#8221;96px|||||&#8221; custom_margin_tablet=&#8221;96px|||||&#8221; custom_margin_phone=&#8221;5px||||false|false&#8221; custom_margin_last_edited=&#8221;on|phone&#8221; global_colors_info=&#8221;{%22gcid-a68f80e8-78bd-4ff6-a1ba-94a667382ebd%22:%91%22header_text_color%22%93}&#8221;]<\/p>\n<h1>Technology<\/h1>\n<p>[\/et_pb_text][et_pb_text _builder_version=&#8221;4.27.2&#8243; _module_preset=&#8221;default&#8221; text_font=&#8221;Montserrat||||||||&#8221; text_text_color=&#8221;gcid-f2d71713-d915-4ec5-956f-26f6902beb7d&#8221; text_font_size=&#8221;18px&#8221; global_colors_info=&#8221;{%22gcid-f2d71713-d915-4ec5-956f-26f6902beb7d%22:%91%22text_text_color%22%93}&#8221;]<\/p>\n<p class=\"translation-block\"><span style=\"font-weight: 400\">We have state-of-the-art equipment for all the processes we carry out, <\/span><b>industrial mixers<\/b><span style=\"font-weight: 400\">, <\/span><b>packaging equipment<\/b><span style=\"font-weight: 400\"> specialized by production line, <\/span><b>filling and purification equipment<\/b><span style=\"font-weight: 400\">. Our technology ensures efficiency and quality, adapting to your specifications with precise solutions.<\/span><\/p>\n<p>[\/et_pb_text][\/et_pb_column][et_pb_column type=&#8221;2_5&#8243; _builder_version=&#8221;4.27.2&#8243; _module_preset=&#8221;default&#8221; global_colors_info=&#8221;{}&#8221;][et_pb_image src=&#8221;https:\/\/akhua.com.mx\/wp-content\/uploads\/2024\/10\/DSC9273-2.png&#8221; title_text=&#8221;_DSC9273 2&#8243; _builder_version=&#8221;4.27.2&#8243; _module_preset=&#8221;default&#8221; border_radii=&#8221;on|12px|12px|12px|12px&#8221; global_colors_info=&#8221;{}&#8221;][\/et_pb_image][\/et_pb_column][\/et_pb_row][\/et_pb_section][et_pb_section fb_built=&#8221;1&#8243; _builder_version=&#8221;4.27.4&#8243; _module_preset=&#8221;default&#8221; background_enable_color=&#8221;off&#8221; use_background_color_gradient=&#8221;on&#8221; background_color_gradient_stops=&#8221;rgba(22,116,159,0.34) 0%|gcid-f2d71713-d915-4ec5-956f-26f6902beb7d 98%&#8221; background_color_gradient_overlays_image=&#8221;on&#8221; background_image=&#8221;https:\/\/akhua.com.mx\/wp-content\/uploads\/2024\/10\/DSC9383.jpg&#8221; background_position=&#8221;top_center&#8221; background_vertical_offset=&#8221;26%&#8221; custom_padding=&#8221;134px||124px|||&#8221; global_colors_info=&#8221;{%22gcid-a68f80e8-78bd-4ff6-a1ba-94a667382ebd%22:%91%22background_color_gradient_stops%22%93,%22gcid-f2d71713-d915-4ec5-956f-26f6902beb7d%22:%91%22background_color_gradient_stops%22%93}&#8221;][et_pb_row _builder_version=&#8221;4.27.2&#8243; _module_preset=&#8221;default&#8221; global_colors_info=&#8221;{}&#8221;][et_pb_column type=&#8221;4_4&#8243; _builder_version=&#8221;4.27.2&#8243; _module_preset=&#8221;default&#8221; global_colors_info=&#8221;{}&#8221;][et_pb_text _builder_version=&#8221;4.27.4&#8243; _module_preset=&#8221;default&#8221; text_font=&#8221;Montserrat|700|||||||&#8221; text_text_color=&#8221;#FFFFFF&#8221; text_font_size=&#8221;23px&#8221; text_line_height=&#8221;1.4em&#8221; header_font=&#8221;Montserrat|700|||||||&#8221; header_text_align=&#8221;center&#8221; header_text_color=&#8221;#FFFFFF&#8221; header_font_size=&#8221;40px&#8221; text_orientation=&#8221;center&#8221; text_text_shadow_style=&#8221;preset2&#8243; header_text_shadow_style=&#8221;preset1&#8243; global_colors_info=&#8221;{}&#8221;]<\/p>\n<p><strong>Our dedicated team receives ongoing training on our customers' products to ensure they are optimally managed.<\/strong><\/p>\n<p>[\/et_pb_text][et_pb_button button_text=&#8221;\u00a1CONT\u00c1CTANOS!&#8221; button_alignment=&#8221;center&#8221; _builder_version=&#8221;4.27.4&#8243; _module_preset=&#8221;default&#8221; custom_button=&#8221;on&#8221; button_text_color=&#8221;gcid-f2d71713-d915-4ec5-956f-26f6902beb7d&#8221; button_bg_color=&#8221;#FFFFFF&#8221; button_border_width=&#8221;0px&#8221; button_border_radius=&#8221;19px&#8221; button_font=&#8221;Montserrat|700|||||||&#8221; global_colors_info=&#8221;{%22gcid-f2d71713-d915-4ec5-956f-26f6902beb7d%22:%91%22button_text_color%22%93}&#8221;][\/et_pb_button][\/et_pb_column][\/et_pb_row][\/et_pb_section][et_pb_section fb_built=&#8221;1&#8243; _builder_version=&#8221;4.27.2&#8243; _module_preset=&#8221;default&#8221; custom_padding=&#8221;45px|||||&#8221; global_colors_info=&#8221;{}&#8221;][et_pb_row column_structure=&#8221;1_3,1_3,1_3&#8243; _builder_version=&#8221;4.27.2&#8243; _module_preset=&#8221;default&#8221; width=&#8221;100%&#8221; width_tablet=&#8221;100%&#8221; width_phone=&#8221;84%&#8221; width_last_edited=&#8221;on|phone&#8221; max_width=&#8221;1259px&#8221; global_colors_info=&#8221;{}&#8221;][et_pb_column type=&#8221;1_3&#8243; _builder_version=&#8221;4.27.2&#8243; _module_preset=&#8221;default&#8221; global_colors_info=&#8221;{}&#8221;][et_pb_text _builder_version=&#8221;4.27.4&#8243; _module_preset=&#8221;default&#8221; header_font=&#8221;Montserrat|700|||||||&#8221; header_text_align=&#8221;center&#8221; header_text_color=&#8221;gcid-f2d71713-d915-4ec5-956f-26f6902beb7d&#8221; header_font_size=&#8221;32px&#8221; header_font_size_tablet=&#8221;32px&#8221; header_font_size_phone=&#8221;28px&#8221; header_font_size_last_edited=&#8221;on|phone&#8221; global_colors_info=&#8221;{%22gcid-f2d71713-d915-4ec5-956f-26f6902beb7d%22:%91%22header_text_color%22%93}&#8221;]<\/p>\n<h1>CO-MANUFACTURING<\/h1>\n<p>[\/et_pb_text][et_pb_text _builder_version=&#8221;4.27.4&#8243; _module_preset=&#8221;default&#8221; text_font=&#8221;Montserrat||||||||&#8221; text_text_color=&#8221;gcid-f2d71713-d915-4ec5-956f-26f6902beb7d&#8221; text_font_size=&#8221;18px&#8221; text_orientation=&#8221;justified&#8221; global_colors_info=&#8221;{%22gcid-f2d71713-d915-4ec5-956f-26f6902beb7d%22:%91%22text_text_color%22%93}&#8221;]<\/p>\n<p class=\"translation-block\"><span style=\"font-weight: 400\">Transformadora <strong>Akhua<\/strong> is a company with a <\/span><b>solid position<\/b><span style=\"font-weight: 400\">, dedicated <\/span><b>to the co-manufacturing industry for world-class companies.<\/b><span style=\"font-weight: 400\"> We have professionals from the food industry, with solid experience in Production, Quality, Research and Development (R&amp;D) Lab, Sales and Marketing, we know the needs of the target market.<\/span><\/p>\n<p>[\/et_pb_text][\/et_pb_column][et_pb_column type=&#8221;1_3&#8243; _builder_version=&#8221;4.27.2&#8243; _module_preset=&#8221;default&#8221; global_colors_info=&#8221;{}&#8221;][et_pb_text _builder_version=&#8221;4.27.4&#8243; _module_preset=&#8221;default&#8221; header_font=&#8221;Montserrat|700|||||||&#8221; header_text_align=&#8221;center&#8221; header_text_color=&#8221;gcid-f2d71713-d915-4ec5-956f-26f6902beb7d&#8221; header_font_size=&#8221;32px&#8221; global_colors_info=&#8221;{%22gcid-f2d71713-d915-4ec5-956f-26f6902beb7d%22:%91%22header_text_color%22%93}&#8221;]<\/p>\n<h1>CO-PACKING<\/h1>\n<p>[\/et_pb_text][et_pb_text _builder_version=&#8221;4.27.4&#8243; _module_preset=&#8221;default&#8221; text_font=&#8221;Montserrat||||||||&#8221; text_text_color=&#8221;gcid-f2d71713-d915-4ec5-956f-26f6902beb7d&#8221; text_font_size=&#8221;18px&#8221; text_orientation=&#8221;justified&#8221; global_colors_info=&#8221;{%22gcid-f2d71713-d915-4ec5-956f-26f6902beb7d%22:%91%22text_text_color%22%93}&#8221;]<\/p>\n<p class=\"translation-block\"><span style=\"font-weight: 400\">Transformadora <strong>Akhua<\/strong> is a company with <b>solid experience in the co-packaging industry for world-class companies.<\/b> We have processes and professionals from the food industry trained in the management of our clients' inputs to ensure the best handling of the products.<\/span><span style=\"font-weight: 400\"> objective.<\/span><\/p>\n<p>[\/et_pb_text][\/et_pb_column][et_pb_column type=&#8221;1_3&#8243; _builder_version=&#8221;4.27.2&#8243; _module_preset=&#8221;default&#8221; global_colors_info=&#8221;{}&#8221;][et_pb_text _builder_version=&#8221;4.27.4&#8243; _module_preset=&#8221;default&#8221; header_font=&#8221;Montserrat|700|||||||&#8221; header_text_align=&#8221;center&#8221; header_text_color=&#8221;gcid-f2d71713-d915-4ec5-956f-26f6902beb7d&#8221; header_font_size=&#8221;32px&#8221; global_colors_info=&#8221;{%22gcid-f2d71713-d915-4ec5-956f-26f6902beb7d%22:%91%22header_text_color%22%93}&#8221;]<\/p>\n<h1>REPACKAGING<\/h1>\n<p>[\/et_pb_text][et_pb_text _builder_version=&#8221;4.27.4&#8243; _module_preset=&#8221;default&#8221; text_font=&#8221;Montserrat||||||||&#8221; text_text_color=&#8221;gcid-f2d71713-d915-4ec5-956f-26f6902beb7d&#8221; text_font_size=&#8221;18px&#8221; text_orientation=&#8221;justified&#8221; global_colors_info=&#8221;{%22gcid-f2d71713-d915-4ec5-956f-26f6902beb7d%22:%91%22text_text_color%22%93}&#8221;]<\/p>\n<p class=\"translation-block\"><span style=\"font-weight: 400\">Transformadora <strong>Akhua<\/strong> is a company with <b>solid experience in the co-packaging industry for world-class companies.<\/b> We have processes and professionals trained in the management of our clients' products, as well as the appropriate marketing team to develop POP or promotional materials within the co-packaging.<\/span><\/p>\n<p>[\/et_pb_text][\/et_pb_column][\/et_pb_row][\/et_pb_section]<\/p>","protected":false},"excerpt":{"rendered":"<p>Centro de distribuci\u00f3n Akh\u00faaNuestras instalacionesNuestras instalaciones ofrecen un espacio amplio y funcional, dise\u00f1ado para fomentar la colaboraci\u00f3n, el bienestar y la productividad. Cada rinc\u00f3n, desde las \u00e1reas compartidas hasta las estaciones de trabajo, ha sido pensado para facilitar el desarrollo de las tareas diarias en un ambiente c\u00f3modo y eficiente.Almac\u00e9nContamos con un amplio almac\u00e9n con [&hellip;]<\/p>","protected":false},"author":1,"featured_media":0,"parent":0,"menu_order":0,"comment_status":"closed","ping_status":"closed","template":"","meta":{"_et_pb_use_builder":"on","_et_pb_old_content":"","_et_gb_content_width":"","footnotes":""},"dipi_cpt_category":[],"class_list":["post-34","page","type-page","status-publish","hentry"],"_links":{"self":[{"href":"https:\/\/akhua.com.mx\/en\/wp-json\/wp\/v2\/pages\/34","targetHints":{"allow":["GET"]}}],"collection":[{"href":"https:\/\/akhua.com.mx\/en\/wp-json\/wp\/v2\/pages"}],"about":[{"href":"https:\/\/akhua.com.mx\/en\/wp-json\/wp\/v2\/types\/page"}],"author":[{"embeddable":true,"href":"https:\/\/akhua.com.mx\/en\/wp-json\/wp\/v2\/users\/1"}],"replies":[{"embeddable":true,"href":"https:\/\/akhua.com.mx\/en\/wp-json\/wp\/v2\/comments?post=34"}],"version-history":[{"count":14,"href":"https:\/\/akhua.com.mx\/en\/wp-json\/wp\/v2\/pages\/34\/revisions"}],"predecessor-version":[{"id":338,"href":"https:\/\/akhua.com.mx\/en\/wp-json\/wp\/v2\/pages\/34\/revisions\/338"}],"wp:attachment":[{"href":"https:\/\/akhua.com.mx\/en\/wp-json\/wp\/v2\/media?parent=34"}],"wp:term":[{"taxonomy":"dipi_cpt_category","embeddable":true,"href":"https:\/\/akhua.com.mx\/en\/wp-json\/wp\/v2\/dipi_cpt_category?post=34"}],"curies":[{"name":"wp","href":"https:\/\/api.w.org\/{rel}","templated":true}]}}