{"id":286,"date":"2024-12-04T23:03:03","date_gmt":"2024-12-04T23:03:03","guid":{"rendered":"https:\/\/akhua.appix.mx\/?page_id=286"},"modified":"2025-05-19T22:05:25","modified_gmt":"2025-05-19T22:05:25","slug":"congelamiento-iqf","status":"publish","type":"page","link":"https:\/\/akhua.com.mx\/en\/congelamiento-iqf\/","title":{"rendered":"Congelamiento IQF"},"content":{"rendered":"<p>[et_pb_section fb_built=&#8221;1&#8243; _builder_version=&#8221;4.27.4&#8243; _module_preset=&#8221;default&#8221; use_background_color_gradient=&#8221;on&#8221; background_color_gradient_direction=&#8221;-90deg&#8221; background_color_gradient_stops=&#8221;rgba(0,0,0,0.03) 17%|gcid-f2d71713-d915-4ec5-956f-26f6902beb7d 78%&#8221; background_color_gradient_overlays_image=&#8221;on&#8221; background_image=&#8221;https:\/\/akhua.com.mx\/wp-content\/uploads\/2024\/12\/portrait-technologist-white-uniform-with-hairnet-protective-mask-gloves-standing-pharmaceutical-food-factory-with-arms-crossed-scaled.jpg&#8221; custom_padding=&#8221;80px||106px|||&#8221; global_colors_info=&#8221;{}&#8221;][et_pb_row _builder_version=&#8221;4.27.4&#8243; _module_preset=&#8221;default&#8221; global_colors_info=&#8221;{}&#8221;][et_pb_column type=&#8221;4_4&#8243; _builder_version=&#8221;4.27.4&#8243; _module_preset=&#8221;default&#8221; global_colors_info=&#8221;{}&#8221;][et_pb_text _builder_version=&#8221;4.27.4&#8243; _module_preset=&#8221;default&#8221; header_font=&#8221;Montserrat|700|||||||&#8221; header_text_color=&#8221;#FFFFFF&#8221; header_font_size=&#8221;40px&#8221; custom_margin=&#8221;7px|||||&#8221; custom_padding=&#8221;|592px||||&#8221; global_colors_info=&#8221;{}&#8221;]<\/p>\n<h1>IQF PROCESSING PLANT<\/h1>\n<p>[\/et_pb_text][\/et_pb_column][\/et_pb_row][et_pb_row column_structure=&#8221;2_3,1_3&#8243; _builder_version=&#8221;4.27.4&#8243; _module_preset=&#8221;default&#8221; width=&#8221;81.5%&#8221; custom_padding=&#8221;15px|||||&#8221; global_colors_info=&#8221;{}&#8221;][et_pb_column type=&#8221;2_3&#8243; _builder_version=&#8221;4.27.2&#8243; _module_preset=&#8221;default&#8221; global_colors_info=&#8221;{}&#8221;][et_pb_text _builder_version=&#8221;4.27.4&#8243; _module_preset=&#8221;default&#8221; header_font=&#8221;Montserrat|700|||||||&#8221; header_text_color=&#8221;#FFFFFF&#8221; header_font_size=&#8221;34px&#8221; custom_margin=&#8221;6px|||||&#8221; custom_padding=&#8221;|63px||||&#8221; global_colors_info=&#8221;{}&#8221;]<\/p>\n<h1>Our facilities<\/h1>\n<p>[\/et_pb_text][et_pb_text _builder_version=&#8221;4.27.4&#8243; _module_preset=&#8221;default&#8221; text_font=&#8221;Montserrat||||||||&#8221; text_text_color=&#8221;#FFFFFF&#8221; text_font_size=&#8221;18px&#8221; custom_padding=&#8221;|146px||||&#8221; global_colors_info=&#8221;{}&#8221;]<\/p>\n<p>An IQF food processing plant, which stands for Individual Quick Freezing, is a plant that has the capacity to freeze food individually, that is, piece by piece, reaching temperatures below -18\u00b0C in a matter of seconds, allowing for the preservation and correct handling of food to be processed.<\/p>\n<p>At Transformadora Akh\u00faa, we have a food processing plant capable of transforming all our ingredients into the quantities our customers request.<\/p>\n<p>[\/et_pb_text][\/et_pb_column][et_pb_column type=&#8221;1_3&#8243; _builder_version=&#8221;4.27.2&#8243; _module_preset=&#8221;default&#8221; global_colors_info=&#8221;{}&#8221;][\/et_pb_column][\/et_pb_row][et_pb_row column_structure=&#8221;1_4,1_4,1_4,1_4&#8243; _builder_version=&#8221;4.27.4&#8243; _module_preset=&#8221;default&#8221; global_colors_info=&#8221;{}&#8221;][et_pb_column type=&#8221;1_4&#8243; _builder_version=&#8221;4.27.4&#8243; _module_preset=&#8221;default&#8221; global_colors_info=&#8221;{}&#8221;][et_pb_image src=&#8221;https:\/\/akhua.com.mx\/wp-content\/uploads\/2024\/12\/IQF1.jpeg&#8221; title_text=&#8221;IQF1&#8243; _builder_version=&#8221;4.27.4&#8243; _module_preset=&#8221;default&#8221; global_colors_info=&#8221;{}&#8221;][\/et_pb_image][\/et_pb_column][et_pb_column type=&#8221;1_4&#8243; _builder_version=&#8221;4.27.4&#8243; _module_preset=&#8221;default&#8221; global_colors_info=&#8221;{}&#8221;][et_pb_image src=&#8221;https:\/\/akhua.com.mx\/wp-content\/uploads\/2024\/12\/IQF2.jpg&#8221; title_text=&#8221;factory for bottling beverages in cans&#8221; _builder_version=&#8221;4.27.4&#8243; _module_preset=&#8221;default&#8221; width=&#8221;85%&#8221; module_alignment=&#8221;center&#8221; global_colors_info=&#8221;{}&#8221;][\/et_pb_image][\/et_pb_column][et_pb_column type=&#8221;1_4&#8243; _builder_version=&#8221;4.27.4&#8243; _module_preset=&#8221;default&#8221; global_colors_info=&#8221;{}&#8221;][et_pb_image src=&#8221;https:\/\/akhua.com.mx\/wp-content\/uploads\/2024\/12\/IQF3.jpeg&#8221; title_text=&#8221;IQF3&#8243; _builder_version=&#8221;4.27.4&#8243; _module_preset=&#8221;default&#8221; width=&#8221;77%&#8221; module_alignment=&#8221;center&#8221; global_colors_info=&#8221;{}&#8221;][\/et_pb_image][\/et_pb_column][et_pb_column type=&#8221;1_4&#8243; _builder_version=&#8221;4.27.4&#8243; _module_preset=&#8221;default&#8221; global_colors_info=&#8221;{}&#8221;][et_pb_image src=&#8221;https:\/\/akhua.com.mx\/wp-content\/uploads\/2024\/12\/IQF4.jpeg&#8221; title_text=&#8221;IQF4&#8243; _builder_version=&#8221;4.27.4&#8243; _module_preset=&#8221;default&#8221; width=&#8221;61%&#8221; module_alignment=&#8221;center&#8221; global_colors_info=&#8221;{}&#8221;][\/et_pb_image][\/et_pb_column][\/et_pb_row][\/et_pb_section][et_pb_section fb_built=&#8221;1&#8243; _builder_version=&#8221;4.27.4&#8243; _module_preset=&#8221;default&#8221; custom_padding=&#8221;||85px|||&#8221; global_colors_info=&#8221;{}&#8221;][et_pb_row _builder_version=&#8221;4.27.4&#8243; _module_preset=&#8221;default&#8221; global_colors_info=&#8221;{}&#8221;][et_pb_column type=&#8221;4_4&#8243; _builder_version=&#8221;4.27.4&#8243; _module_preset=&#8221;default&#8221; global_colors_info=&#8221;{}&#8221;][et_pb_text _builder_version=&#8221;4.27.4&#8243; _module_preset=&#8221;default&#8221; header_font=&#8221;Montserrat|700|||||||&#8221; header_text_align=&#8221;center&#8221; header_text_color=&#8221;gcid-f2d71713-d915-4ec5-956f-26f6902beb7d&#8221; header_font_size=&#8221;40px&#8221; custom_margin=&#8221;7px|||||&#8221; custom_padding=&#8221;|63px||||&#8221; global_colors_info=&#8221;{%22gcid-f2d71713-d915-4ec5-956f-26f6902beb7d%22:%91%22header_text_color%22%93}&#8221;]<\/p>\n<h1>What can we process?<\/h1>\n<p>[\/et_pb_text][\/et_pb_column][\/et_pb_row][et_pb_row column_structure=&#8221;1_2,1_2&#8243; _builder_version=&#8221;4.27.4&#8243; _module_preset=&#8221;default&#8221; custom_padding=&#8221;||8px|||&#8221; global_colors_info=&#8221;{}&#8221;][et_pb_column type=&#8221;1_2&#8243; _builder_version=&#8221;4.27.4&#8243; _module_preset=&#8221;default&#8221; global_colors_info=&#8221;{}&#8221;][et_pb_text _builder_version=&#8221;4.27.4&#8243; _module_preset=&#8221;default&#8221; text_font=&#8221;Montserrat||||||||&#8221; text_text_color=&#8221;gcid-f2d71713-d915-4ec5-956f-26f6902beb7d&#8221; text_font_size=&#8221;18px&#8221; text_orientation=&#8221;center&#8221; custom_padding=&#8221;|6px||||&#8221; global_colors_info=&#8221;{%22gcid-f2d71713-d915-4ec5-956f-26f6902beb7d%22:%91%22text_text_color%22%93}&#8221;]<\/p>\n<p><strong>Fruits such as:<\/strong><\/p>\n<p>Strawberry, Mango, Raspberry, Blackberry, Blueberry, Banana, Pineapple, Guava, among others.<\/p>\n<p>[\/et_pb_text][\/et_pb_column][et_pb_column type=&#8221;1_2&#8243; _builder_version=&#8221;4.27.4&#8243; _module_preset=&#8221;default&#8221; global_colors_info=&#8221;{}&#8221;][et_pb_text _builder_version=&#8221;4.27.4&#8243; _module_preset=&#8221;default&#8221; text_font=&#8221;Montserrat||||||||&#8221; text_text_color=&#8221;gcid-f2d71713-d915-4ec5-956f-26f6902beb7d&#8221; text_font_size=&#8221;18px&#8221; text_orientation=&#8221;center&#8221; width=&#8221;101%&#8221; custom_padding=&#8221;|6px||||&#8221; global_colors_info=&#8221;{%22gcid-f2d71713-d915-4ec5-956f-26f6902beb7d%22:%91%22text_text_color%22%93}&#8221;]<\/p>\n<p><strong>Vegetables such as:<\/strong><\/p>\n<p>Florete de br\u00f3coli, Florete de coliflor, arroz de coliflor, arroz de br\u00f3coli, Champi\u00f1ones, Pimiento, Cebolla, Zanahoria, Esp\u00e1rrago, Ch\u00edcharo, Elote, Ejote, entre otras.<\/p>\n<p>[\/et_pb_text][\/et_pb_column][\/et_pb_row][\/et_pb_section][et_pb_section fb_built=&#8221;1&#8243; _builder_version=&#8221;4.27.4&#8243; _module_preset=&#8221;default&#8221; use_background_color_gradient=&#8221;on&#8221; background_color_gradient_stops=&#8221;rgba(19,73,96,0.9) 0%|rgba(22,116,159,0.82) 100%&#8221; background_color_gradient_overlays_image=&#8221;on&#8221; background_image=&#8221;https:\/\/akhua.com.mx\/wp-content\/uploads\/2024\/10\/DSC8774.jpg&#8221; background_position=&#8221;top_center&#8221; background_vertical_offset=&#8221;22%&#8221; custom_padding=&#8221;90px||102px|||&#8221; global_colors_info=&#8221;{%22gcid-a68f80e8-78bd-4ff6-a1ba-94a667382ebd%22:%91%22background_color_gradient_stops%22%93,%22gcid-f2d71713-d915-4ec5-956f-26f6902beb7d%22:%91%22background_color_gradient_stops%22%93}&#8221;][et_pb_row _builder_version=&#8221;4.27.2&#8243; _module_preset=&#8221;default&#8221; custom_padding=&#8221;||41px|||&#8221; global_colors_info=&#8221;{}&#8221;][et_pb_column type=&#8221;4_4&#8243; _builder_version=&#8221;4.27.2&#8243; _module_preset=&#8221;default&#8221; global_colors_info=&#8221;{}&#8221;][et_pb_text _builder_version=&#8221;4.27.2&#8243; _module_preset=&#8221;default&#8221; header_font=&#8221;Montserrat|700|||||||&#8221; header_text_align=&#8221;center&#8221; header_text_color=&#8221;#FFFFFF&#8221; header_font_size=&#8221;40px&#8221; custom_margin=&#8221;||4px|||&#8221; custom_padding=&#8221;||9px|||&#8221; header_font_size_tablet=&#8221;40px&#8221; header_font_size_phone=&#8221;30px&#8221; header_font_size_last_edited=&#8221;on|phone&#8221; global_colors_info=&#8221;{}&#8221;]<\/p>\n<h1>DO YOU HAVE QUESTIONS ABOUT YOUR PROJECT?<\/h1>\n<p>[\/et_pb_text][et_pb_text _builder_version=&#8221;4.27.2&#8243; _module_preset=&#8221;default&#8221; text_font=&#8221;Montserrat||||||||&#8221; text_text_color=&#8221;#FFFFFF&#8221; text_font_size=&#8221;28px&#8221; text_orientation=&#8221;center&#8221; text_font_size_tablet=&#8221;28px&#8221; text_font_size_phone=&#8221;24px&#8221; text_font_size_last_edited=&#8221;on|phone&#8221; global_colors_info=&#8221;{}&#8221;]<\/p>\n<p><span style=\"font-weight: 400;\">Get in touch with us<\/span><\/p>\n<p>[\/et_pb_text][et_pb_button button_text=&#8221;Cont\u00e1ctanos&#8221; button_alignment=&#8221;center&#8221; _builder_version=&#8221;4.27.4&#8243; _module_preset=&#8221;default&#8221; custom_button=&#8221;on&#8221; button_text_color=&#8221;gcid-a68f80e8-78bd-4ff6-a1ba-94a667382ebd&#8221; button_bg_color=&#8221;#FFFFFF&#8221; button_border_width=&#8221;0px&#8221; button_border_radius=&#8221;18px&#8221; button_font=&#8221;Montserrat|700|||||||&#8221; global_colors_info=&#8221;{%22gcid-a68f80e8-78bd-4ff6-a1ba-94a667382ebd%22:%91%22button_text_color%22%93}&#8221;][\/et_pb_button][\/et_pb_column][\/et_pb_row][\/et_pb_section]<\/p>","protected":false},"excerpt":{"rendered":"<p>PLANTA DE PROCESAMIENTO IQFNuestras instalacionesUna planta procesadora de alimentos IQF, por sus siglas en ingles (Individual Quick Freezing) es una planta que tiene la capacidad de congelar alimentos de manera individual, es decir pieza por pieza tomando temperaturas inferiores a -18\u00b0C en cuesti\u00f3n de segundos, permitiendo la conservaci\u00f3n y correcto manejo de alimentos a procesar. [&hellip;]<\/p>","protected":false},"author":1,"featured_media":0,"parent":0,"menu_order":0,"comment_status":"closed","ping_status":"closed","template":"","meta":{"_et_pb_use_builder":"on","_et_pb_old_content":"","_et_gb_content_width":"","footnotes":""},"dipi_cpt_category":[],"class_list":["post-286","page","type-page","status-publish","hentry"],"_links":{"self":[{"href":"https:\/\/akhua.com.mx\/en\/wp-json\/wp\/v2\/pages\/286","targetHints":{"allow":["GET"]}}],"collection":[{"href":"https:\/\/akhua.com.mx\/en\/wp-json\/wp\/v2\/pages"}],"about":[{"href":"https:\/\/akhua.com.mx\/en\/wp-json\/wp\/v2\/types\/page"}],"author":[{"embeddable":true,"href":"https:\/\/akhua.com.mx\/en\/wp-json\/wp\/v2\/users\/1"}],"replies":[{"embeddable":true,"href":"https:\/\/akhua.com.mx\/en\/wp-json\/wp\/v2\/comments?post=286"}],"version-history":[{"count":8,"href":"https:\/\/akhua.com.mx\/en\/wp-json\/wp\/v2\/pages\/286\/revisions"}],"predecessor-version":[{"id":357,"href":"https:\/\/akhua.com.mx\/en\/wp-json\/wp\/v2\/pages\/286\/revisions\/357"}],"wp:attachment":[{"href":"https:\/\/akhua.com.mx\/en\/wp-json\/wp\/v2\/media?parent=286"}],"wp:term":[{"taxonomy":"dipi_cpt_category","embeddable":true,"href":"https:\/\/akhua.com.mx\/en\/wp-json\/wp\/v2\/dipi_cpt_category?post=286"}],"curies":[{"name":"wp","href":"https:\/\/api.w.org\/{rel}","templated":true}]}}